{"id":5828,"date":"2024-11-20T11:05:18","date_gmt":"2024-11-20T10:05:18","guid":{"rendered":"https:\/\/www.lauracosta.com\/condicions-generals-de-la-web\/"},"modified":"2025-02-05T13:56:36","modified_gmt":"2025-02-05T12:56:36","slug":"condicions-generals-de-la-web","status":"publish","type":"page","link":"https:\/\/www.lauracosta.com\/ca\/condicions-generals-de-la-web\/","title":{"rendered":"Condicions Generals de la Web"},"content":{"rendered":"\t\t<div data-elementor-type=\"wp-page\" data-elementor-id=\"5828\" class=\"elementor elementor-5828 elementor-5162\" data-elementor-post-type=\"page\">\n\t\t\t\t<div class=\"elementor-element elementor-element-6fe6952 e-con-full e-flex e-con e-parent\" data-id=\"6fe6952\" data-element_type=\"container\" data-e-type=\"container\" data-settings=\"{&quot;background_background&quot;:&quot;classic&quot;,&quot;jet_parallax_layout_list&quot;:[]}\">\n\t\t<div class=\"elementor-element elementor-element-e1ebecd e-con-full e-flex e-con e-child\" data-id=\"e1ebecd\" data-element_type=\"container\" data-e-type=\"container\" data-settings=\"{&quot;jet_parallax_layout_list&quot;:[]}\">\n\t\t\t\t<\/div>\n\t\t\t\t<\/div>\n\t\t<div class=\"elementor-element elementor-element-36da6d0 e-con-full e-flex e-con e-parent\" data-id=\"36da6d0\" data-element_type=\"container\" data-e-type=\"container\" data-settings=\"{&quot;jet_parallax_layout_list&quot;:[],&quot;background_background&quot;:&quot;classic&quot;}\">\n\t\t<div class=\"elementor-element elementor-element-e6b8de2 e-flex e-con-boxed e-con e-child\" data-id=\"e6b8de2\" data-element_type=\"container\" data-e-type=\"container\" data-settings=\"{&quot;jet_parallax_layout_list&quot;:[],&quot;background_background&quot;:&quot;classic&quot;}\">\n\t\t\t\t\t<div class=\"e-con-inner\">\n\t\t\t\t<div class=\"elementor-element elementor-element-7404ff4 elementor-widget__width-initial elementor-widget-laptop__width-inherit elementor-widget elementor-widget-text-editor\" data-id=\"7404ff4\" data-element_type=\"widget\" data-e-type=\"widget\" data-widget_type=\"text-editor.default\">\n\t\t\t\t<div class=\"elementor-widget-container\">\n\t\t\t\t\t\t\t\t\t<p><strong>CONDICIONS GENERALS D&#8217;\u00daS DEL LLOC WEB<\/strong><\/p>\n<p><strong>www.lauracosta.com<\/strong><\/p>\n<p>LAURACOSTA (ENDAVANT EL PROPIETARI) posa a disposici\u00f3 al seu lloc web www.lauracosta.com determinats continguts de car\u00e0cter informatiu sobre les seves activitats. Les presents condicions generals regeixen \u00fanica i exclusivament l&#8217;\u00fas del lloc web d&#8217;EL PROPIETARI per part dels USUARIS que hi accedeixin. Aquestes condicions generals s&#8217;exposen a l&#8217;USUARI al lloc web www.lauracosta.com a totes i cadascuna de les p\u00e0gines, perqu\u00e8 les llegeixi, les imprimeixi, arxivi i accepti a trav\u00e9s d&#8217;internet i es trobe plenament informat.<\/p>\n<p>L&#8217;acc\u00e9s al lloc web d&#8217;EL PROPIETARI implica sense reserves l&#8217;acceptaci\u00f3 de les presents condicions generals d&#8217;\u00fas que l&#8217;USUARI afirma comprendre totalment. L&#8217;USUARI es compromet no a utilitzar el lloc web i els serveis que s&#8217;hi ofereixen per a la realitzaci\u00f3 d&#8217;activitats contr\u00e0ries a la llei ia respectar en tot moment les presents condicions generals.<\/p>\n<p><strong>PRIMERA.- CONDICIONS D&#8217;ACC\u00c9S I \u00daS<\/strong><\/p>\n<p><strong>1.1.-<\/strong>\u00a0La utilitzaci\u00f3 del lloc web d&#8217;EL PROPIETARI no comporta l&#8217;obligatorietat d&#8217;inscripci\u00f3 de l&#8217;USUARI. Les condicions d&#8217;acc\u00e9s i \u00fas del present lloc web es regeixen estrictament per la legalitat vigent i pel principi de bona fe i l&#8217;USUARI es compromet a fer un bon \u00fas del web. Queden prohibits tots els actes que vulnerin la legalitat, drets o interessos de tercers: dret a la intimitat, protecci\u00f3 de dades, propietat intel\u00b7lectual etc. Expressament EL PROPIETARI prohibeix els seg\u00fcents:<\/p>\n<p><strong>1.1.1.-<\/strong>\u00a0Realitzar accions que puguin produir al lloc web oa trav\u00e9s d&#8217;aquest per qualsevol mitj\u00e0 qualsevol tipus de dany als sistemes d&#8217;EL PROPIETARI oa tercers.<\/p>\n<p><strong>1.1.2.-<\/strong>\u00a0Realitzar sense la deguda autoritzaci\u00f3 qualsevol tipus de publicitat o informaci\u00f3 comercial directament o de forma encoberta, l&#8217;enviament de correus massius (\u201cspaming\u201d) o enviament de grans missatges per tal de bloquejar servidors de la xarxa (\u201cmail bombing\u201d)<\/p>\n<p><strong>1.2.-<\/strong>\u00a0EL PROPIETARI, podr\u00e0 interrompre en qualsevol moment l&#8217;acc\u00e9s al vostre lloc web si detecta un \u00fas contrari a la legalitat, la bona fe oa les presents condicions generals-veure cl\u00e0usula cinquena.<\/p>\n<p><strong>SEGONA.- CONTINGUTS.-<\/strong>Els continguts incorporats en aquest lloc web han estat elaborats i inclosos per:<\/p>\n<p><strong>2.1.-<\/strong>\u00a0EL PROPIETARI utilitzant fonts internes i externes de manera que EL PROPIETARI \u00fanicament es fa responsable pels continguts elaborats de forma interna.<\/p>\n<p><strong>2.2.-\u00a0<\/strong>EL PROPIETARI es reserva el dret a modificar en qualsevol moment els continguts existents al vostre lloc web. EL PROPIETARI no assegura ni es responsabilitza del correcte funcionament dels enlla\u00e7os a llocs web de tercers que figurin a www.lauracosta.com.  A m\u00e9s, a trav\u00e9s del lloc web del PROPIETARI es posen a disposici\u00f3 de l&#8217;usuari serveis gratu\u00efts i de pagament oferts per tercers aliens i que es regiran per les condicions particulars de cadascun. EL PROPIETARI no garanteix la veracitat, exactitud o actualitat dels continguts i serveis oferts per tercers i queda expressament exempt de tota mena de responsabilitat pels danys i perjudicis que es puguin derivar de la manca d&#8217;exactitud d&#8217;aquests continguts i serveis.<\/p>\n<p><strong>TERCERA.- RESPONSABILITAT.-<\/strong><\/p>\n<p><strong>3.1.-<\/strong>\u00a0EL PROPIETARI en cap cas ser\u00e0 responsable de:<\/p>\n<p><strong>3.1.1.-<\/strong>\u00a0Les fallades i incid\u00e8ncies que es puguin produir en les comunicacions, esborrament o transmissions incompletes de manera que no es garanteix que els serveis del lloc web estiguin constantment operatius.<\/p>\n<p><strong>3.1.2.-<\/strong>\u00a0De la producci\u00f3 de qualsevol tipus de dany que els USUARIS o tercers poguessin ocasionar al lloc web.<\/p>\n<p><strong>3.1.3.-<\/strong>\u00a0De la fiabilitat i veracitat de les informacions introdu\u00efdes per tercers al lloc web, b\u00e9 directament, b\u00e9 a trav\u00e9s d&#8217;enlla\u00e7os o links. El propietari col\u00b7laborar\u00e0 i notificar\u00e0 a lautoritat competent aquestes incid\u00e8ncies en el moment en qu\u00e8 tingui coneixement fefaent que els danys ocasionats constitueixin qualsevol tipus dactivitat il\u00b7l\u00edcita.<\/p>\n<p><strong>3.2.-<\/strong>\u00a0EL PROPIETARI es reserva el dret a suspendre l&#8217;acc\u00e9s sense av\u00eds previ de forma discrecional i amb car\u00e0cter definitiu o temporal fins a l&#8217;assegurament de la responsabilitat efectiva dels danys que es puguin produir. Aix\u00ed mateix, el propietari col\u00b7laborar\u00e0 i notificar\u00e0 a l&#8217;autoritat competent aquestes incid\u00e8ncies en el moment en qu\u00e8 tingui coneixement fefaent que els danys ocasionats constitueixin qualsevol tipus d&#8217;activitat il\u00b7l\u00edcita.<\/p>\n<p><strong>QUARTA.- DRETS D&#8217;AUTOR I MARCA.-\u00a0<\/strong>El lloc web d&#8217;EL PROPIETARI &#8211; els continguts propis, la programaci\u00f3 i el disseny del lloc web- es troba plenament protegit pels drets d&#8217;autor, i queda expressament prohibida tota reproducci\u00f3, comunicaci\u00f3, distribuci\u00f3 i transformaci\u00f3 dels esmentats elements protegits llevat del consentiment expr\u00e9s d&#8217;EL PROPIETARI. Els materials tant gr\u00e0fics com escrits enviats pels usuaris a trav\u00e9s dels mitjans que es posen a la vostra disposici\u00f3 al lloc web s\u00f3n propietat de l&#8217;usuari que afirma en enviar-los la seva leg\u00edtima autoria i cedeix els drets de reproducci\u00f3 i distribuci\u00f3 al PROPIETARI.<\/p>\n<p><strong>CINQUENA.- JURISDICCI\u00d3 I LLEI APLICABLE.-\u00a0<\/strong>Aquestes condicions generals es regeixen per la legislaci\u00f3 espanyola. S\u00f3n competents per resoldre tota controv\u00e8rsia o conflicte que es derivi de les presents condicions generals, renunciant expressament l&#8217;USUARI a qualsevol altre fur que li pogu\u00e9s correspondre.<\/p>\n<p><strong>SISENA.-<\/strong>En cas que qualsevol cl\u00e0usula del present document sigui declarada nul\u00b7la, les altres cl\u00e0usules continuaran vigents i s&#8217;interpretaran tenint en compte la voluntat de les parts i la finalitat mateixa de les presents condicions. EL PROPIETARI podr\u00e0 no exercitar algun dels drets i facultats conferits en aquest document, cosa que no implicar\u00e0 en cap cas la ren\u00fancia als mateixos llevat de reconeixement expr\u00e9s per part del PROPIETARI.<\/p>\n\t\t\t\t\t\t\t\t<\/div>\n\t\t\t\t<\/div>\n\t\t\t\t\t<\/div>\n\t\t\t\t<\/div>\n\t\t\t\t<\/div>\n\t\t\t\t<\/div>\n\t\t","protected":false},"excerpt":{"rendered":"<p>CONDICIONS GENERALS D&#8217;\u00daS DEL LLOC WEB www.lauracosta.com LAURACOSTA (ENDAVANT EL PROPIETARI) posa a disposici\u00f3 al seu lloc web www.lauracosta.com determinats continguts de car\u00e0cter informatiu sobre les seves activitats. Les presents condicions generals regeixen \u00fanica i exclusivament l&#8217;\u00fas del lloc web d&#8217;EL PROPIETARI per part dels USUARIS que hi accedeixin. Aquestes condicions generals s&#8217;exposen a l&#8217;USUARI [&hellip;]<\/p>\n","protected":false},"author":1,"featured_media":0,"parent":0,"menu_order":0,"comment_status":"closed","ping_status":"closed","template":"","meta":{"_joinchat":[],"footnotes":""},"class_list":["post-5828","page","type-page","status-publish","hentry"],"yoast_head":"<!-- This site is optimized with the Yoast SEO plugin v27.4 - https:\/\/yoast.com\/product\/yoast-seo-wordpress\/ -->\n<title>Condicions Generals de la Web - Laura Costa<\/title>\n<meta name=\"robots\" content=\"index, follow, max-snippet:-1, max-image-preview:large, max-video-preview:-1\" \/>\n<link rel=\"canonical\" href=\"https:\/\/www.lauracosta.com\/condiciones-generales-de-la-web\/\" \/>\n<meta property=\"og:locale\" content=\"ca_ES\" \/>\n<meta property=\"og:type\" content=\"article\" \/>\n<meta property=\"og:title\" content=\"Condicions Generals de la Web - Laura Costa\" \/>\n<meta property=\"og:description\" content=\"CONDICIONS GENERALS D&#8217;\u00daS DEL LLOC WEB www.lauracosta.com LAURACOSTA (ENDAVANT EL PROPIETARI) posa a disposici\u00f3 al seu lloc web www.lauracosta.com determinats continguts de car\u00e0cter informatiu sobre les seves activitats. Les presents condicions generals regeixen \u00fanica i exclusivament l&#8217;\u00fas del lloc web d&#8217;EL PROPIETARI per part dels USUARIS que hi accedeixin. Aquestes condicions generals s&#8217;exposen a l&#8217;USUARI [&hellip;]\" \/>\n<meta property=\"og:url\" content=\"https:\/\/www.lauracosta.com\/condiciones-generales-de-la-web\/\" \/>\n<meta property=\"og:site_name\" content=\"Laura Costa\" \/>\n<meta property=\"article:modified_time\" content=\"2025-02-05T12:56:36+00:00\" \/>\n<meta property=\"og:image\" content=\"https:\/\/www.lauracosta.com\/wp-content\/uploads\/2024\/11\/laura-costa-imagen-1200.jpg\" \/>\n\t<meta property=\"og:image:width\" content=\"1200\" \/>\n\t<meta property=\"og:image:height\" content=\"675\" \/>\n\t<meta property=\"og:image:type\" content=\"image\/jpeg\" \/>\n<meta name=\"twitter:card\" content=\"summary_large_image\" \/>\n<meta name=\"twitter:label1\" content=\"Temps estimat de lectura\" \/>\n\t<meta name=\"twitter:data1\" content=\"5 minuts\" \/>\n<script type=\"application\/ld+json\" class=\"yoast-schema-graph\">{\"@context\":\"https:\\\/\\\/schema.org\",\"@graph\":[{\"@type\":\"WebPage\",\"@id\":\"https:\\\/\\\/www.lauracosta.com\\\/condiciones-generales-de-la-web\\\/\",\"url\":\"https:\\\/\\\/www.lauracosta.com\\\/condiciones-generales-de-la-web\\\/\",\"name\":\"Condicions Generals de la Web - Laura Costa\",\"isPartOf\":{\"@id\":\"https:\\\/\\\/www.lauracosta.com\\\/#website\"},\"datePublished\":\"2024-11-20T10:05:18+00:00\",\"dateModified\":\"2025-02-05T12:56:36+00:00\",\"breadcrumb\":{\"@id\":\"https:\\\/\\\/www.lauracosta.com\\\/condiciones-generales-de-la-web\\\/#breadcrumb\"},\"inLanguage\":\"ca\",\"potentialAction\":[{\"@type\":\"ReadAction\",\"target\":[\"https:\\\/\\\/www.lauracosta.com\\\/condiciones-generales-de-la-web\\\/\"]}]},{\"@type\":\"BreadcrumbList\",\"@id\":\"https:\\\/\\\/www.lauracosta.com\\\/condiciones-generales-de-la-web\\\/#breadcrumb\",\"itemListElement\":[{\"@type\":\"ListItem\",\"position\":1,\"name\":\"Portada\",\"item\":\"https:\\\/\\\/www.lauracosta.com\\\/\"},{\"@type\":\"ListItem\",\"position\":2,\"name\":\"Condicions Generals de la Web\"}]},{\"@type\":\"WebSite\",\"@id\":\"https:\\\/\\\/www.lauracosta.com\\\/#website\",\"url\":\"https:\\\/\\\/www.lauracosta.com\\\/\",\"name\":\"Laura Costa\",\"description\":\"Asesor\u00eda de imagen &amp; Personal Shopper\",\"publisher\":{\"@id\":\"https:\\\/\\\/www.lauracosta.com\\\/#organization\"},\"potentialAction\":[{\"@type\":\"SearchAction\",\"target\":{\"@type\":\"EntryPoint\",\"urlTemplate\":\"https:\\\/\\\/www.lauracosta.com\\\/?s={search_term_string}\"},\"query-input\":{\"@type\":\"PropertyValueSpecification\",\"valueRequired\":true,\"valueName\":\"search_term_string\"}}],\"inLanguage\":\"ca\"},{\"@type\":\"Organization\",\"@id\":\"https:\\\/\\\/www.lauracosta.com\\\/#organization\",\"name\":\"Laura Costa\",\"url\":\"https:\\\/\\\/www.lauracosta.com\\\/\",\"logo\":{\"@type\":\"ImageObject\",\"inLanguage\":\"ca\",\"@id\":\"https:\\\/\\\/www.lauracosta.com\\\/#\\\/schema\\\/logo\\\/image\\\/\",\"url\":\"https:\\\/\\\/www.lauracosta.com\\\/wp-content\\\/uploads\\\/2024\\\/11\\\/laura-costa-imagen-696.jpg\",\"contentUrl\":\"https:\\\/\\\/www.lauracosta.com\\\/wp-content\\\/uploads\\\/2024\\\/11\\\/laura-costa-imagen-696.jpg\",\"width\":696,\"height\":696,\"caption\":\"Laura Costa\"},\"image\":{\"@id\":\"https:\\\/\\\/www.lauracosta.com\\\/#\\\/schema\\\/logo\\\/image\\\/\"}}]}<\/script>\n<!-- \/ Yoast SEO plugin. -->","yoast_head_json":{"title":"Condicions Generals de la Web - Laura Costa","robots":{"index":"index","follow":"follow","max-snippet":"max-snippet:-1","max-image-preview":"max-image-preview:large","max-video-preview":"max-video-preview:-1"},"canonical":"https:\/\/www.lauracosta.com\/condiciones-generales-de-la-web\/","og_locale":"ca_ES","og_type":"article","og_title":"Condicions Generals de la Web - Laura Costa","og_description":"CONDICIONS GENERALS D&#8217;\u00daS DEL LLOC WEB www.lauracosta.com LAURACOSTA (ENDAVANT EL PROPIETARI) posa a disposici\u00f3 al seu lloc web www.lauracosta.com determinats continguts de car\u00e0cter informatiu sobre les seves activitats. Les presents condicions generals regeixen \u00fanica i exclusivament l&#8217;\u00fas del lloc web d&#8217;EL PROPIETARI per part dels USUARIS que hi accedeixin. Aquestes condicions generals s&#8217;exposen a l&#8217;USUARI [&hellip;]","og_url":"https:\/\/www.lauracosta.com\/condiciones-generales-de-la-web\/","og_site_name":"Laura Costa","article_modified_time":"2025-02-05T12:56:36+00:00","og_image":[{"width":1200,"height":675,"url":"https:\/\/www.lauracosta.com\/wp-content\/uploads\/2024\/11\/laura-costa-imagen-1200.jpg","type":"image\/jpeg"}],"twitter_card":"summary_large_image","twitter_misc":{"Temps estimat de lectura":"5 minuts"},"schema":{"@context":"https:\/\/schema.org","@graph":[{"@type":"WebPage","@id":"https:\/\/www.lauracosta.com\/condiciones-generales-de-la-web\/","url":"https:\/\/www.lauracosta.com\/condiciones-generales-de-la-web\/","name":"Condicions Generals de la Web - Laura Costa","isPartOf":{"@id":"https:\/\/www.lauracosta.com\/#website"},"datePublished":"2024-11-20T10:05:18+00:00","dateModified":"2025-02-05T12:56:36+00:00","breadcrumb":{"@id":"https:\/\/www.lauracosta.com\/condiciones-generales-de-la-web\/#breadcrumb"},"inLanguage":"ca","potentialAction":[{"@type":"ReadAction","target":["https:\/\/www.lauracosta.com\/condiciones-generales-de-la-web\/"]}]},{"@type":"BreadcrumbList","@id":"https:\/\/www.lauracosta.com\/condiciones-generales-de-la-web\/#breadcrumb","itemListElement":[{"@type":"ListItem","position":1,"name":"Portada","item":"https:\/\/www.lauracosta.com\/"},{"@type":"ListItem","position":2,"name":"Condicions Generals de la Web"}]},{"@type":"WebSite","@id":"https:\/\/www.lauracosta.com\/#website","url":"https:\/\/www.lauracosta.com\/","name":"Laura Costa","description":"Asesor\u00eda de imagen &amp; Personal Shopper","publisher":{"@id":"https:\/\/www.lauracosta.com\/#organization"},"potentialAction":[{"@type":"SearchAction","target":{"@type":"EntryPoint","urlTemplate":"https:\/\/www.lauracosta.com\/?s={search_term_string}"},"query-input":{"@type":"PropertyValueSpecification","valueRequired":true,"valueName":"search_term_string"}}],"inLanguage":"ca"},{"@type":"Organization","@id":"https:\/\/www.lauracosta.com\/#organization","name":"Laura Costa","url":"https:\/\/www.lauracosta.com\/","logo":{"@type":"ImageObject","inLanguage":"ca","@id":"https:\/\/www.lauracosta.com\/#\/schema\/logo\/image\/","url":"https:\/\/www.lauracosta.com\/wp-content\/uploads\/2024\/11\/laura-costa-imagen-696.jpg","contentUrl":"https:\/\/www.lauracosta.com\/wp-content\/uploads\/2024\/11\/laura-costa-imagen-696.jpg","width":696,"height":696,"caption":"Laura Costa"},"image":{"@id":"https:\/\/www.lauracosta.com\/#\/schema\/logo\/image\/"}}]}},"_links":{"self":[{"href":"https:\/\/www.lauracosta.com\/ca\/wp-json\/wp\/v2\/pages\/5828","targetHints":{"allow":["GET"]}}],"collection":[{"href":"https:\/\/www.lauracosta.com\/ca\/wp-json\/wp\/v2\/pages"}],"about":[{"href":"https:\/\/www.lauracosta.com\/ca\/wp-json\/wp\/v2\/types\/page"}],"author":[{"embeddable":true,"href":"https:\/\/www.lauracosta.com\/ca\/wp-json\/wp\/v2\/users\/1"}],"replies":[{"embeddable":true,"href":"https:\/\/www.lauracosta.com\/ca\/wp-json\/wp\/v2\/comments?post=5828"}],"version-history":[{"count":1,"href":"https:\/\/www.lauracosta.com\/ca\/wp-json\/wp\/v2\/pages\/5828\/revisions"}],"predecessor-version":[{"id":5829,"href":"https:\/\/www.lauracosta.com\/ca\/wp-json\/wp\/v2\/pages\/5828\/revisions\/5829"}],"wp:attachment":[{"href":"https:\/\/www.lauracosta.com\/ca\/wp-json\/wp\/v2\/media?parent=5828"}],"curies":[{"name":"wp","href":"https:\/\/api.w.org\/{rel}","templated":true}]}}