{"id":5830,"date":"2024-11-20T10:42:32","date_gmt":"2024-11-20T09:42:32","guid":{"rendered":"https:\/\/www.lauracosta.com\/politica-de-privacitat\/"},"modified":"2025-02-05T13:58:25","modified_gmt":"2025-02-05T12:58:25","slug":"politica-de-privacitat","status":"publish","type":"page","link":"https:\/\/www.lauracosta.com\/ca\/politica-de-privacitat\/","title":{"rendered":"Pol\u00edtica de Privacitat"},"content":{"rendered":"\t\t<div data-elementor-type=\"wp-page\" data-elementor-id=\"5830\" class=\"elementor elementor-5830 elementor-5121\" data-elementor-post-type=\"page\">\n\t\t\t\t<div class=\"elementor-element elementor-element-62cacf1 e-con-full e-flex e-con e-parent\" data-id=\"62cacf1\" data-element_type=\"container\" data-e-type=\"container\" data-settings=\"{&quot;background_background&quot;:&quot;classic&quot;,&quot;jet_parallax_layout_list&quot;:[]}\">\n\t\t<div class=\"elementor-element elementor-element-ad38288 e-con-full e-flex e-con e-child\" data-id=\"ad38288\" data-element_type=\"container\" data-e-type=\"container\" data-settings=\"{&quot;jet_parallax_layout_list&quot;:[]}\">\n\t\t\t\t<\/div>\n\t\t\t\t<\/div>\n\t\t<div class=\"elementor-element elementor-element-55c2b7e e-con-full e-flex e-con e-parent\" data-id=\"55c2b7e\" data-element_type=\"container\" data-e-type=\"container\" data-settings=\"{&quot;jet_parallax_layout_list&quot;:[],&quot;background_background&quot;:&quot;classic&quot;}\">\n\t\t<div class=\"elementor-element elementor-element-a9c6a26 e-flex e-con-boxed e-con e-child\" data-id=\"a9c6a26\" data-element_type=\"container\" data-e-type=\"container\" data-settings=\"{&quot;jet_parallax_layout_list&quot;:[],&quot;background_background&quot;:&quot;classic&quot;}\">\n\t\t\t\t\t<div class=\"e-con-inner\">\n\t\t\t\t<div class=\"elementor-element elementor-element-112699d elementor-widget__width-initial elementor-widget-laptop__width-inherit elementor-widget elementor-widget-text-editor\" data-id=\"112699d\" data-element_type=\"widget\" data-e-type=\"widget\" data-widget_type=\"text-editor.default\">\n\t\t\t\t<div class=\"elementor-widget-container\">\n\t\t\t\t\t\t\t\t\t<p>D&#8217;acord amb el que disposa la Llei Org\u00e0nica 15\/99 de 13 de desembre de 1999 sobre Protecci\u00f3 de Dades de Car\u00e0cter Personal, www.lauracosta.com i el seu lloc web www.lauracosta.com, la legislaci\u00f3 vigent respecte a la protecci\u00f3 de dades personals i de contacte dels seus subscriptors i les mant\u00e9 en la m\u00e9s estricta confidencialitat.<\/p>\n<p>En concordan\u00e7a amb la normativa actualment vigent en mat\u00e8ria de protecci\u00f3 de dades (LOPD), aix\u00ed com en mat\u00e8ria de serveis de la societat de la informaci\u00f3 i de comer\u00e7 electr\u00f2nic (LSSI-CE), l&#8217;usuari accepta que les dades aportades per mitj\u00e0 d&#8217;aquesta p\u00e0gina web siguin incorporades a fitxers titularitat de www.lauracosta.com, amb la finalitat de facilitar la prestaci\u00f3 dels serveis sol\u00b7licitats i la previsible tramesa d&#8217;informaci\u00f3 sobre ofertes, nous productes, serveis o altres motius pels quals aquest s&#8217;hagi de posar en contacte amb l&#8217;usuari\/client.<\/p>\n<p>Mitjan\u00e7ant l&#8217;\u00fas, per part d&#8217;usuari, dels formularis de contacte i del correu electr\u00f2nic facilitat en aquesta p\u00e0gina web, el client autoritza expressament a www.lauracosta.com l&#8217;enviament de comunicacions comercials per correu ordinari i\/o electr\u00f2nic, aix\u00ed com el previsible contacte telef\u00f2nic per oferir els serveis oferts. La informaci\u00f3 rebuda ser\u00e0 utilitzada exclusivament per a prop\u00f2sits inherents a cada servei i no ser\u00e0 comunicada a tercers. Aix\u00ed mateix, www.lauracosta.com guardar\u00e0 les dades de car\u00e0cter personal que hagi demanat i adoptar\u00e0 les mesures necess\u00e0ries per evitar la seva alteraci\u00f3, p\u00e8rdua, tractament o acc\u00e9s no autoritzats.<\/p>\n<p>Aix\u00ed mateix, us informem de la possibilitat d&#8217;exercitar el vostre dret d&#8217;acc\u00e9s, rectificaci\u00f3, cancel\u00b7laci\u00f3 i oposici\u00f3 de conformitat amb el que estableix la Llei 15\/1999. Els drets esmentats els podeu exercitar a trav\u00e9s dels mitjans seg\u00fcents: correu electr\u00f2nic a info@lauracosta.com.<\/p>\n\t\t\t\t\t\t\t\t<\/div>\n\t\t\t\t<\/div>\n\t\t\t\t\t<\/div>\n\t\t\t\t<\/div>\n\t\t\t\t<\/div>\n\t\t\t\t<\/div>\n\t\t","protected":false},"excerpt":{"rendered":"<p>D&#8217;acord amb el que disposa la Llei Org\u00e0nica 15\/99 de 13 de desembre de 1999 sobre Protecci\u00f3 de Dades de Car\u00e0cter Personal, www.lauracosta.com i el seu lloc web www.lauracosta.com, la legislaci\u00f3 vigent respecte a la protecci\u00f3 de dades personals i de contacte dels seus subscriptors i les mant\u00e9 en la m\u00e9s estricta confidencialitat. En concordan\u00e7a [&hellip;]<\/p>\n","protected":false},"author":1,"featured_media":0,"parent":0,"menu_order":0,"comment_status":"closed","ping_status":"closed","template":"","meta":{"_joinchat":[],"footnotes":""},"class_list":["post-5830","page","type-page","status-publish","hentry"],"yoast_head":"<!-- This site is optimized with the Yoast SEO plugin v27.5 - https:\/\/yoast.com\/product\/yoast-seo-wordpress\/ -->\n<title>Pol\u00edtica de Privacitat - Laura Costa<\/title>\n<meta name=\"robots\" content=\"noindex, nofollow\" \/>\n<meta property=\"og:locale\" content=\"ca_ES\" \/>\n<meta property=\"og:type\" content=\"article\" \/>\n<meta property=\"og:title\" content=\"Pol\u00edtica de Privacitat - Laura Costa\" \/>\n<meta property=\"og:description\" content=\"D&#8217;acord amb el que disposa la Llei Org\u00e0nica 15\/99 de 13 de desembre de 1999 sobre Protecci\u00f3 de Dades de Car\u00e0cter Personal, www.lauracosta.com i el seu lloc web www.lauracosta.com, la legislaci\u00f3 vigent respecte a la protecci\u00f3 de dades personals i de contacte dels seus subscriptors i les mant\u00e9 en la m\u00e9s estricta confidencialitat. En concordan\u00e7a [&hellip;]\" \/>\n<meta property=\"og:url\" content=\"https:\/\/www.lauracosta.com\/politica-de-privacidad\/\" \/>\n<meta property=\"og:site_name\" content=\"Laura Costa\" \/>\n<meta property=\"article:modified_time\" content=\"2025-02-05T12:58:25+00:00\" \/>\n<meta property=\"og:image\" content=\"https:\/\/www.lauracosta.com\/wp-content\/uploads\/2024\/11\/laura-costa-imagen-1200.jpg\" \/>\n\t<meta property=\"og:image:width\" content=\"1200\" \/>\n\t<meta property=\"og:image:height\" content=\"675\" \/>\n\t<meta property=\"og:image:type\" content=\"image\/jpeg\" \/>\n<meta name=\"twitter:card\" content=\"summary_large_image\" \/>\n<meta name=\"twitter:label1\" content=\"Temps estimat de lectura\" \/>\n\t<meta name=\"twitter:data1\" content=\"2 minuts\" \/>\n<script type=\"application\/ld+json\" class=\"yoast-schema-graph\">{\"@context\":\"https:\\\/\\\/schema.org\",\"@graph\":[{\"@type\":\"WebPage\",\"@id\":\"https:\\\/\\\/www.lauracosta.com\\\/politica-de-privacidad\\\/\",\"url\":\"https:\\\/\\\/www.lauracosta.com\\\/politica-de-privacidad\\\/\",\"name\":\"Pol\u00edtica de Privacitat - Laura Costa\",\"isPartOf\":{\"@id\":\"https:\\\/\\\/www.lauracosta.com\\\/#website\"},\"datePublished\":\"2024-11-20T09:42:32+00:00\",\"dateModified\":\"2025-02-05T12:58:25+00:00\",\"breadcrumb\":{\"@id\":\"https:\\\/\\\/www.lauracosta.com\\\/politica-de-privacidad\\\/#breadcrumb\"},\"inLanguage\":\"ca\",\"potentialAction\":[{\"@type\":\"ReadAction\",\"target\":[\"https:\\\/\\\/www.lauracosta.com\\\/politica-de-privacidad\\\/\"]}]},{\"@type\":\"BreadcrumbList\",\"@id\":\"https:\\\/\\\/www.lauracosta.com\\\/politica-de-privacidad\\\/#breadcrumb\",\"itemListElement\":[{\"@type\":\"ListItem\",\"position\":1,\"name\":\"Portada\",\"item\":\"https:\\\/\\\/www.lauracosta.com\\\/\"},{\"@type\":\"ListItem\",\"position\":2,\"name\":\"Pol\u00edtica de Privacitat\"}]},{\"@type\":\"WebSite\",\"@id\":\"https:\\\/\\\/www.lauracosta.com\\\/#website\",\"url\":\"https:\\\/\\\/www.lauracosta.com\\\/\",\"name\":\"Laura Costa\",\"description\":\"Asesor\u00eda de imagen &amp; Personal Shopper\",\"publisher\":{\"@id\":\"https:\\\/\\\/www.lauracosta.com\\\/#organization\"},\"potentialAction\":[{\"@type\":\"SearchAction\",\"target\":{\"@type\":\"EntryPoint\",\"urlTemplate\":\"https:\\\/\\\/www.lauracosta.com\\\/?s={search_term_string}\"},\"query-input\":{\"@type\":\"PropertyValueSpecification\",\"valueRequired\":true,\"valueName\":\"search_term_string\"}}],\"inLanguage\":\"ca\"},{\"@type\":\"Organization\",\"@id\":\"https:\\\/\\\/www.lauracosta.com\\\/#organization\",\"name\":\"Laura Costa\",\"url\":\"https:\\\/\\\/www.lauracosta.com\\\/\",\"logo\":{\"@type\":\"ImageObject\",\"inLanguage\":\"ca\",\"@id\":\"https:\\\/\\\/www.lauracosta.com\\\/#\\\/schema\\\/logo\\\/image\\\/\",\"url\":\"https:\\\/\\\/www.lauracosta.com\\\/wp-content\\\/uploads\\\/2024\\\/11\\\/laura-costa-imagen-696.jpg\",\"contentUrl\":\"https:\\\/\\\/www.lauracosta.com\\\/wp-content\\\/uploads\\\/2024\\\/11\\\/laura-costa-imagen-696.jpg\",\"width\":696,\"height\":696,\"caption\":\"Laura Costa\"},\"image\":{\"@id\":\"https:\\\/\\\/www.lauracosta.com\\\/#\\\/schema\\\/logo\\\/image\\\/\"}}]}<\/script>\n<!-- \/ Yoast SEO plugin. -->","yoast_head_json":{"title":"Pol\u00edtica de Privacitat - Laura Costa","robots":{"index":"noindex","follow":"nofollow"},"og_locale":"ca_ES","og_type":"article","og_title":"Pol\u00edtica de Privacitat - Laura Costa","og_description":"D&#8217;acord amb el que disposa la Llei Org\u00e0nica 15\/99 de 13 de desembre de 1999 sobre Protecci\u00f3 de Dades de Car\u00e0cter Personal, www.lauracosta.com i el seu lloc web www.lauracosta.com, la legislaci\u00f3 vigent respecte a la protecci\u00f3 de dades personals i de contacte dels seus subscriptors i les mant\u00e9 en la m\u00e9s estricta confidencialitat. En concordan\u00e7a [&hellip;]","og_url":"https:\/\/www.lauracosta.com\/politica-de-privacidad\/","og_site_name":"Laura Costa","article_modified_time":"2025-02-05T12:58:25+00:00","og_image":[{"width":1200,"height":675,"url":"https:\/\/www.lauracosta.com\/wp-content\/uploads\/2024\/11\/laura-costa-imagen-1200.jpg","type":"image\/jpeg"}],"twitter_card":"summary_large_image","twitter_misc":{"Temps estimat de lectura":"2 minuts"},"schema":{"@context":"https:\/\/schema.org","@graph":[{"@type":"WebPage","@id":"https:\/\/www.lauracosta.com\/politica-de-privacidad\/","url":"https:\/\/www.lauracosta.com\/politica-de-privacidad\/","name":"Pol\u00edtica de Privacitat - Laura Costa","isPartOf":{"@id":"https:\/\/www.lauracosta.com\/#website"},"datePublished":"2024-11-20T09:42:32+00:00","dateModified":"2025-02-05T12:58:25+00:00","breadcrumb":{"@id":"https:\/\/www.lauracosta.com\/politica-de-privacidad\/#breadcrumb"},"inLanguage":"ca","potentialAction":[{"@type":"ReadAction","target":["https:\/\/www.lauracosta.com\/politica-de-privacidad\/"]}]},{"@type":"BreadcrumbList","@id":"https:\/\/www.lauracosta.com\/politica-de-privacidad\/#breadcrumb","itemListElement":[{"@type":"ListItem","position":1,"name":"Portada","item":"https:\/\/www.lauracosta.com\/"},{"@type":"ListItem","position":2,"name":"Pol\u00edtica de Privacitat"}]},{"@type":"WebSite","@id":"https:\/\/www.lauracosta.com\/#website","url":"https:\/\/www.lauracosta.com\/","name":"Laura Costa","description":"Asesor\u00eda de imagen &amp; Personal Shopper","publisher":{"@id":"https:\/\/www.lauracosta.com\/#organization"},"potentialAction":[{"@type":"SearchAction","target":{"@type":"EntryPoint","urlTemplate":"https:\/\/www.lauracosta.com\/?s={search_term_string}"},"query-input":{"@type":"PropertyValueSpecification","valueRequired":true,"valueName":"search_term_string"}}],"inLanguage":"ca"},{"@type":"Organization","@id":"https:\/\/www.lauracosta.com\/#organization","name":"Laura Costa","url":"https:\/\/www.lauracosta.com\/","logo":{"@type":"ImageObject","inLanguage":"ca","@id":"https:\/\/www.lauracosta.com\/#\/schema\/logo\/image\/","url":"https:\/\/www.lauracosta.com\/wp-content\/uploads\/2024\/11\/laura-costa-imagen-696.jpg","contentUrl":"https:\/\/www.lauracosta.com\/wp-content\/uploads\/2024\/11\/laura-costa-imagen-696.jpg","width":696,"height":696,"caption":"Laura Costa"},"image":{"@id":"https:\/\/www.lauracosta.com\/#\/schema\/logo\/image\/"}}]}},"_links":{"self":[{"href":"https:\/\/www.lauracosta.com\/ca\/wp-json\/wp\/v2\/pages\/5830","targetHints":{"allow":["GET"]}}],"collection":[{"href":"https:\/\/www.lauracosta.com\/ca\/wp-json\/wp\/v2\/pages"}],"about":[{"href":"https:\/\/www.lauracosta.com\/ca\/wp-json\/wp\/v2\/types\/page"}],"author":[{"embeddable":true,"href":"https:\/\/www.lauracosta.com\/ca\/wp-json\/wp\/v2\/users\/1"}],"replies":[{"embeddable":true,"href":"https:\/\/www.lauracosta.com\/ca\/wp-json\/wp\/v2\/comments?post=5830"}],"version-history":[{"count":1,"href":"https:\/\/www.lauracosta.com\/ca\/wp-json\/wp\/v2\/pages\/5830\/revisions"}],"predecessor-version":[{"id":5831,"href":"https:\/\/www.lauracosta.com\/ca\/wp-json\/wp\/v2\/pages\/5830\/revisions\/5831"}],"wp:attachment":[{"href":"https:\/\/www.lauracosta.com\/ca\/wp-json\/wp\/v2\/media?parent=5830"}],"curies":[{"name":"wp","href":"https:\/\/api.w.org\/{rel}","templated":true}]}}