{"id":5713,"date":"2024-06-26T11:25:43","date_gmt":"2024-06-26T09:25:43","guid":{"rendered":"https:\/\/www.lauracosta.com\/producto\/assessoria-en-vestir-online\/"},"modified":"2026-01-31T18:48:03","modified_gmt":"2026-01-31T17:48:03","slug":"assessoria-en-vestir-online","status":"publish","type":"product","link":"https:\/\/www.lauracosta.com\/ca\/producte\/assessoria-en-vestir-online\/","title":{"rendered":"Assessoria en vestir Online"},"content":{"rendered":"","protected":false},"excerpt":{"rendered":"<p><strong>El servei s&#8217;inicia amb una entrevista personal a trav\u00e9s de videoconfer\u00e8ncia per a con\u00e8ixer-te, saber les teves necessitats, gustos i prefer\u00e8ncies.<\/strong><\/p>\n<p>Posteriorment, m\u2019haur\u00e0s d&#8217;enviar unes fotos del teu cos en la mateixa posici\u00f3 que les fotos que et mostrar\u00e9. En uns 8-10 dies h\u00e0bils rebr\u00e0s el teu informe. Si tens consultes, podem concretar una nova cita per a resoldre-les.<\/p>\n<p><strong>Aquest servei inclou:<\/strong>\u00a0informe de valoraci\u00f3 de la tipologia corporal, proposta de peces i accessoris, i mostres de outfits.<\/p>\n<p>Preu: 220 euros<\/p>\n","protected":false},"featured_media":2332,"template":"","meta":{"_joinchat":[]},"product_brand":[],"product_cat":[318],"product_tag":[],"class_list":{"0":"post-5713","1":"product","2":"type-product","3":"status-publish","4":"has-post-thumbnail","6":"product_cat-serveis-personals-online","8":"first","9":"instock","10":"virtual","11":"taxable","12":"purchasable","13":"product-type-simple"},"yoast_head":"<!-- This site is optimized with the Yoast SEO plugin v27.4 - https:\/\/yoast.com\/product\/yoast-seo-wordpress\/ -->\n<title>Assessoria en vestir Online - Laura Costa<\/title>\n<meta name=\"description\" content=\"Valoraci\u00f3 de la tipologia corporal, propostes de peces i accessoris, creaci\u00f3 de outfits d&#039;exemple. Informe detallat amb pautes personals.\" \/>\n<meta name=\"robots\" content=\"index, follow, max-snippet:-1, max-image-preview:large, max-video-preview:-1\" \/>\n<link rel=\"canonical\" href=\"https:\/\/www.lauracosta.com\/ca\/producte\/assessoria-en-vestir-online\/\" \/>\n<meta property=\"og:locale\" content=\"ca_ES\" \/>\n<meta property=\"og:type\" content=\"article\" \/>\n<meta property=\"og:title\" content=\"Assessoria en vestir Online - Laura Costa\" \/>\n<meta property=\"og:description\" content=\"Valoraci\u00f3 de la tipologia corporal, propostes de peces i accessoris, creaci\u00f3 de outfits d&#039;exemple. Informe detallat amb pautes personals.\" \/>\n<meta property=\"og:url\" content=\"https:\/\/www.lauracosta.com\/ca\/producte\/assessoria-en-vestir-online\/\" \/>\n<meta property=\"og:site_name\" content=\"Laura Costa\" \/>\n<meta property=\"article:modified_time\" content=\"2026-01-31T17:48:03+00:00\" \/>\n<meta property=\"og:image\" content=\"https:\/\/www.lauracosta.com\/wp-content\/uploads\/2024\/06\/shutterstock_2357430727.jpg\" \/>\n\t<meta property=\"og:image:width\" content=\"1166\" \/>\n\t<meta property=\"og:image:height\" content=\"718\" \/>\n\t<meta property=\"og:image:type\" content=\"image\/jpeg\" \/>\n<meta name=\"twitter:card\" content=\"summary_large_image\" \/>\n<script type=\"application\/ld+json\" class=\"yoast-schema-graph\">{\"@context\":\"https:\\\/\\\/schema.org\",\"@graph\":[{\"@type\":\"WebPage\",\"@id\":\"https:\\\/\\\/www.lauracosta.com\\\/ca\\\/producte\\\/assessoria-en-vestir-online\\\/\",\"url\":\"https:\\\/\\\/www.lauracosta.com\\\/ca\\\/producte\\\/assessoria-en-vestir-online\\\/\",\"name\":\"Assessoria en vestir Online - Laura Costa\",\"isPartOf\":{\"@id\":\"https:\\\/\\\/www.lauracosta.com\\\/#website\"},\"primaryImageOfPage\":{\"@id\":\"https:\\\/\\\/www.lauracosta.com\\\/ca\\\/producte\\\/assessoria-en-vestir-online\\\/#primaryimage\"},\"image\":{\"@id\":\"https:\\\/\\\/www.lauracosta.com\\\/ca\\\/producte\\\/assessoria-en-vestir-online\\\/#primaryimage\"},\"thumbnailUrl\":\"https:\\\/\\\/www.lauracosta.com\\\/wp-content\\\/uploads\\\/2024\\\/06\\\/shutterstock_2357430727.jpg\",\"datePublished\":\"2024-06-26T09:25:43+00:00\",\"dateModified\":\"2026-01-31T17:48:03+00:00\",\"description\":\"Valoraci\u00f3 de la tipologia corporal, propostes de peces i accessoris, creaci\u00f3 de outfits d'exemple. Informe detallat amb pautes personals.\",\"breadcrumb\":{\"@id\":\"https:\\\/\\\/www.lauracosta.com\\\/ca\\\/producte\\\/assessoria-en-vestir-online\\\/#breadcrumb\"},\"inLanguage\":\"ca\",\"potentialAction\":[{\"@type\":\"ReadAction\",\"target\":[\"https:\\\/\\\/www.lauracosta.com\\\/ca\\\/producte\\\/assessoria-en-vestir-online\\\/\"]}]},{\"@type\":\"ImageObject\",\"inLanguage\":\"ca\",\"@id\":\"https:\\\/\\\/www.lauracosta.com\\\/ca\\\/producte\\\/assessoria-en-vestir-online\\\/#primaryimage\",\"url\":\"https:\\\/\\\/www.lauracosta.com\\\/wp-content\\\/uploads\\\/2024\\\/06\\\/shutterstock_2357430727.jpg\",\"contentUrl\":\"https:\\\/\\\/www.lauracosta.com\\\/wp-content\\\/uploads\\\/2024\\\/06\\\/shutterstock_2357430727.jpg\",\"width\":1166,\"height\":718},{\"@type\":\"BreadcrumbList\",\"@id\":\"https:\\\/\\\/www.lauracosta.com\\\/ca\\\/producte\\\/assessoria-en-vestir-online\\\/#breadcrumb\",\"itemListElement\":[{\"@type\":\"ListItem\",\"position\":1,\"name\":\"Portada\",\"item\":\"https:\\\/\\\/www.lauracosta.com\\\/\"},{\"@type\":\"ListItem\",\"position\":2,\"name\":\"Botiga\",\"item\":\"https:\\\/\\\/www.lauracosta.com\\\/botiga\\\/\"},{\"@type\":\"ListItem\",\"position\":3,\"name\":\"Assessoria en vestir Online\"}]},{\"@type\":\"WebSite\",\"@id\":\"https:\\\/\\\/www.lauracosta.com\\\/#website\",\"url\":\"https:\\\/\\\/www.lauracosta.com\\\/\",\"name\":\"Laura Costa\",\"description\":\"Asesor\u00eda de imagen &amp; Personal Shopper\",\"publisher\":{\"@id\":\"https:\\\/\\\/www.lauracosta.com\\\/#organization\"},\"potentialAction\":[{\"@type\":\"SearchAction\",\"target\":{\"@type\":\"EntryPoint\",\"urlTemplate\":\"https:\\\/\\\/www.lauracosta.com\\\/?s={search_term_string}\"},\"query-input\":{\"@type\":\"PropertyValueSpecification\",\"valueRequired\":true,\"valueName\":\"search_term_string\"}}],\"inLanguage\":\"ca\"},{\"@type\":\"Organization\",\"@id\":\"https:\\\/\\\/www.lauracosta.com\\\/#organization\",\"name\":\"Laura Costa\",\"url\":\"https:\\\/\\\/www.lauracosta.com\\\/\",\"logo\":{\"@type\":\"ImageObject\",\"inLanguage\":\"ca\",\"@id\":\"https:\\\/\\\/www.lauracosta.com\\\/#\\\/schema\\\/logo\\\/image\\\/\",\"url\":\"https:\\\/\\\/www.lauracosta.com\\\/wp-content\\\/uploads\\\/2024\\\/11\\\/laura-costa-imagen-696.jpg\",\"contentUrl\":\"https:\\\/\\\/www.lauracosta.com\\\/wp-content\\\/uploads\\\/2024\\\/11\\\/laura-costa-imagen-696.jpg\",\"width\":696,\"height\":696,\"caption\":\"Laura Costa\"},\"image\":{\"@id\":\"https:\\\/\\\/www.lauracosta.com\\\/#\\\/schema\\\/logo\\\/image\\\/\"}}]}<\/script>\n<!-- \/ Yoast SEO plugin. -->","yoast_head_json":{"title":"Assessoria en vestir Online - Laura Costa","description":"Valoraci\u00f3 de la tipologia corporal, propostes de peces i accessoris, creaci\u00f3 de outfits d'exemple. Informe detallat amb pautes personals.","robots":{"index":"index","follow":"follow","max-snippet":"max-snippet:-1","max-image-preview":"max-image-preview:large","max-video-preview":"max-video-preview:-1"},"canonical":"https:\/\/www.lauracosta.com\/ca\/producte\/assessoria-en-vestir-online\/","og_locale":"ca_ES","og_type":"article","og_title":"Assessoria en vestir Online - Laura Costa","og_description":"Valoraci\u00f3 de la tipologia corporal, propostes de peces i accessoris, creaci\u00f3 de outfits d'exemple. Informe detallat amb pautes personals.","og_url":"https:\/\/www.lauracosta.com\/ca\/producte\/assessoria-en-vestir-online\/","og_site_name":"Laura Costa","article_modified_time":"2026-01-31T17:48:03+00:00","og_image":[{"width":1166,"height":718,"url":"https:\/\/www.lauracosta.com\/wp-content\/uploads\/2024\/06\/shutterstock_2357430727.jpg","type":"image\/jpeg"}],"twitter_card":"summary_large_image","schema":{"@context":"https:\/\/schema.org","@graph":[{"@type":"WebPage","@id":"https:\/\/www.lauracosta.com\/ca\/producte\/assessoria-en-vestir-online\/","url":"https:\/\/www.lauracosta.com\/ca\/producte\/assessoria-en-vestir-online\/","name":"Assessoria en vestir Online - Laura Costa","isPartOf":{"@id":"https:\/\/www.lauracosta.com\/#website"},"primaryImageOfPage":{"@id":"https:\/\/www.lauracosta.com\/ca\/producte\/assessoria-en-vestir-online\/#primaryimage"},"image":{"@id":"https:\/\/www.lauracosta.com\/ca\/producte\/assessoria-en-vestir-online\/#primaryimage"},"thumbnailUrl":"https:\/\/www.lauracosta.com\/wp-content\/uploads\/2024\/06\/shutterstock_2357430727.jpg","datePublished":"2024-06-26T09:25:43+00:00","dateModified":"2026-01-31T17:48:03+00:00","description":"Valoraci\u00f3 de la tipologia corporal, propostes de peces i accessoris, creaci\u00f3 de outfits d'exemple. Informe detallat amb pautes personals.","breadcrumb":{"@id":"https:\/\/www.lauracosta.com\/ca\/producte\/assessoria-en-vestir-online\/#breadcrumb"},"inLanguage":"ca","potentialAction":[{"@type":"ReadAction","target":["https:\/\/www.lauracosta.com\/ca\/producte\/assessoria-en-vestir-online\/"]}]},{"@type":"ImageObject","inLanguage":"ca","@id":"https:\/\/www.lauracosta.com\/ca\/producte\/assessoria-en-vestir-online\/#primaryimage","url":"https:\/\/www.lauracosta.com\/wp-content\/uploads\/2024\/06\/shutterstock_2357430727.jpg","contentUrl":"https:\/\/www.lauracosta.com\/wp-content\/uploads\/2024\/06\/shutterstock_2357430727.jpg","width":1166,"height":718},{"@type":"BreadcrumbList","@id":"https:\/\/www.lauracosta.com\/ca\/producte\/assessoria-en-vestir-online\/#breadcrumb","itemListElement":[{"@type":"ListItem","position":1,"name":"Portada","item":"https:\/\/www.lauracosta.com\/"},{"@type":"ListItem","position":2,"name":"Botiga","item":"https:\/\/www.lauracosta.com\/botiga\/"},{"@type":"ListItem","position":3,"name":"Assessoria en vestir Online"}]},{"@type":"WebSite","@id":"https:\/\/www.lauracosta.com\/#website","url":"https:\/\/www.lauracosta.com\/","name":"Laura Costa","description":"Asesor\u00eda de imagen &amp; Personal Shopper","publisher":{"@id":"https:\/\/www.lauracosta.com\/#organization"},"potentialAction":[{"@type":"SearchAction","target":{"@type":"EntryPoint","urlTemplate":"https:\/\/www.lauracosta.com\/?s={search_term_string}"},"query-input":{"@type":"PropertyValueSpecification","valueRequired":true,"valueName":"search_term_string"}}],"inLanguage":"ca"},{"@type":"Organization","@id":"https:\/\/www.lauracosta.com\/#organization","name":"Laura Costa","url":"https:\/\/www.lauracosta.com\/","logo":{"@type":"ImageObject","inLanguage":"ca","@id":"https:\/\/www.lauracosta.com\/#\/schema\/logo\/image\/","url":"https:\/\/www.lauracosta.com\/wp-content\/uploads\/2024\/11\/laura-costa-imagen-696.jpg","contentUrl":"https:\/\/www.lauracosta.com\/wp-content\/uploads\/2024\/11\/laura-costa-imagen-696.jpg","width":696,"height":696,"caption":"Laura Costa"},"image":{"@id":"https:\/\/www.lauracosta.com\/#\/schema\/logo\/image\/"}}]}},"_links":{"self":[{"href":"https:\/\/www.lauracosta.com\/ca\/wp-json\/wp\/v2\/product\/5713","targetHints":{"allow":["GET"]}}],"collection":[{"href":"https:\/\/www.lauracosta.com\/ca\/wp-json\/wp\/v2\/product"}],"about":[{"href":"https:\/\/www.lauracosta.com\/ca\/wp-json\/wp\/v2\/types\/product"}],"wp:featuredmedia":[{"embeddable":true,"href":"https:\/\/www.lauracosta.com\/ca\/wp-json\/wp\/v2\/media\/2332"}],"wp:attachment":[{"href":"https:\/\/www.lauracosta.com\/ca\/wp-json\/wp\/v2\/media?parent=5713"}],"wp:term":[{"taxonomy":"product_brand","embeddable":true,"href":"https:\/\/www.lauracosta.com\/ca\/wp-json\/wp\/v2\/product_brand?post=5713"},{"taxonomy":"product_cat","embeddable":true,"href":"https:\/\/www.lauracosta.com\/ca\/wp-json\/wp\/v2\/product_cat?post=5713"},{"taxonomy":"product_tag","embeddable":true,"href":"https:\/\/www.lauracosta.com\/ca\/wp-json\/wp\/v2\/product_tag?post=5713"}],"curies":[{"name":"wp","href":"https:\/\/api.w.org\/{rel}","templated":true}]}}