{"id":5717,"date":"2024-06-26T15:25:02","date_gmt":"2024-06-26T13:25:02","guid":{"rendered":"https:\/\/www.lauracosta.com\/producto\/assessoria-completa-en-vestir\/"},"modified":"2026-01-31T18:57:46","modified_gmt":"2026-01-31T17:57:46","slug":"assessoria-completa-en-vestir","status":"publish","type":"product","link":"https:\/\/www.lauracosta.com\/ca\/producte\/assessoria-completa-en-vestir\/","title":{"rendered":"Assessoria completa en vestir"},"content":{"rendered":"<p><strong>El pack inclou els seg\u00fcents serveis:<\/strong><br \/>\n<strong>El pack inclou els seg\u00fcents serveis:<\/strong><br \/>\nPreu: 600 euros. Aquest preu inclou consultes per mail, tel\u00e8fon o WhatsApp durant un mes.<\/p>\n","protected":false},"excerpt":{"rendered":"<h3><strong>Assessoria en Vestir<\/strong><\/h3>\n<p><strong>T&#8217;agradaria saber quines s\u00f3n les formes que m\u00e9s t&#8217;afavoreixen, quins teixits t&#8217;ajudaran a dissimular i potenciar la forma del teu cos o quines peces triar per a encertar en les compres?<\/strong><\/p>\n<p>Aquest servei s&#8217;inicia amb una entrevista personal per a con\u00e8ixer els teus gustos, prefer\u00e8ncies i necessitats.<br \/>\nInclou l\u2019estudi antropom\u00e8tric i un informe escrit de com han de ser les peces de vestir i els accessoris pel que fa a l\u00ednies, formes, teixits i colors per a compensar la forma del teu cos i potenciar la teva imatge.<br \/>\nConsta de dues sessions.<\/p>\n<h3><strong>Test del color<\/strong><\/h3>\n<p><strong>T&#8217;agradaria saber quins colors t&#8217;afavoreixen m\u00e9s, quina imatge transmets amb cada color o quin color triar en cada ocasi\u00f3?<\/strong><\/p>\n<p>El serevi s\u2019inicia amb una entrevista personal per con\u00e8ixer-te i establir uns objectius d&#8217;imatge. Posteriorment i mitjan\u00e7ant una s\u00e8rie de mocadors de diversos colors, valoro quin efecte t\u00e9 en tu cada color, pel que fa a bellesa i d&#8217;imatge.<br \/>\nEt lliuro un informe escrit i la paleta amb els teus colors ideals.<br \/>\n\u00c9s un servei molt revelador i \u00fatil per saber quines s\u00f3n les tonalitats que m\u00e9s t&#8217;afavoreixen i amb quins colors vestir-te en cada context per a transmetre la imatge que decideixis.<\/p>\n","protected":false},"featured_media":2362,"template":"","meta":{"_joinchat":[]},"product_brand":[],"product_cat":[319],"product_tag":[],"class_list":{"0":"post-5717","1":"product","2":"type-product","3":"status-publish","4":"has-post-thumbnail","6":"product_cat-packs-ca","8":"first","9":"instock","10":"virtual","11":"taxable","12":"purchasable","13":"product-type-simple"},"yoast_head":"<!-- This site is optimized with the Yoast SEO plugin v27.3 - https:\/\/yoast.com\/product\/yoast-seo-wordpress\/ -->\n<title>Assessoria completa en vestir - Laura Costa<\/title>\n<meta name=\"description\" content=\"Pack Assessoria d&#039;Imatge en el Vestir amb descompte: Test del Color + Assessoria en el Vestir. Valoraci\u00f3 dels teus colors, assessorament d&#039;indument\u00e0ria.\" \/>\n<meta name=\"robots\" content=\"index, follow, max-snippet:-1, max-image-preview:large, max-video-preview:-1\" \/>\n<link rel=\"canonical\" href=\"https:\/\/www.lauracosta.com\/ca\/producte\/assessoria-completa-en-vestir\/\" \/>\n<meta property=\"og:locale\" content=\"ca_ES\" \/>\n<meta property=\"og:type\" content=\"article\" \/>\n<meta property=\"og:title\" content=\"Assessoria completa en vestir - Laura Costa\" \/>\n<meta property=\"og:description\" content=\"Pack Assessoria d&#039;Imatge en el Vestir amb descompte: Test del Color + Assessoria en el Vestir. Valoraci\u00f3 dels teus colors, assessorament d&#039;indument\u00e0ria.\" \/>\n<meta property=\"og:url\" content=\"https:\/\/www.lauracosta.com\/ca\/producte\/assessoria-completa-en-vestir\/\" \/>\n<meta property=\"og:site_name\" content=\"Laura Costa\" \/>\n<meta property=\"article:modified_time\" content=\"2026-01-31T17:57:46+00:00\" \/>\n<meta property=\"og:image\" content=\"https:\/\/www.lauracosta.com\/wp-content\/uploads\/2024\/06\/packs-servicios-personales-presenciales-3.jpg\" \/>\n\t<meta property=\"og:image:width\" content=\"1108\" \/>\n\t<meta property=\"og:image:height\" content=\"1442\" \/>\n\t<meta property=\"og:image:type\" content=\"image\/jpeg\" \/>\n<meta name=\"twitter:card\" content=\"summary_large_image\" \/>\n<script type=\"application\/ld+json\" class=\"yoast-schema-graph\">{\"@context\":\"https:\\\/\\\/schema.org\",\"@graph\":[{\"@type\":\"WebPage\",\"@id\":\"https:\\\/\\\/www.lauracosta.com\\\/ca\\\/producte\\\/assessoria-completa-en-vestir\\\/\",\"url\":\"https:\\\/\\\/www.lauracosta.com\\\/ca\\\/producte\\\/assessoria-completa-en-vestir\\\/\",\"name\":\"Assessoria completa en vestir - Laura Costa\",\"isPartOf\":{\"@id\":\"https:\\\/\\\/www.lauracosta.com\\\/#website\"},\"primaryImageOfPage\":{\"@id\":\"https:\\\/\\\/www.lauracosta.com\\\/ca\\\/producte\\\/assessoria-completa-en-vestir\\\/#primaryimage\"},\"image\":{\"@id\":\"https:\\\/\\\/www.lauracosta.com\\\/ca\\\/producte\\\/assessoria-completa-en-vestir\\\/#primaryimage\"},\"thumbnailUrl\":\"https:\\\/\\\/www.lauracosta.com\\\/wp-content\\\/uploads\\\/2024\\\/06\\\/packs-servicios-personales-presenciales-3.jpg\",\"datePublished\":\"2024-06-26T13:25:02+00:00\",\"dateModified\":\"2026-01-31T17:57:46+00:00\",\"description\":\"Pack Assessoria d'Imatge en el Vestir amb descompte: Test del Color + Assessoria en el Vestir. Valoraci\u00f3 dels teus colors, assessorament d'indument\u00e0ria.\",\"breadcrumb\":{\"@id\":\"https:\\\/\\\/www.lauracosta.com\\\/ca\\\/producte\\\/assessoria-completa-en-vestir\\\/#breadcrumb\"},\"inLanguage\":\"ca\",\"potentialAction\":[{\"@type\":\"ReadAction\",\"target\":[\"https:\\\/\\\/www.lauracosta.com\\\/ca\\\/producte\\\/assessoria-completa-en-vestir\\\/\"]}]},{\"@type\":\"ImageObject\",\"inLanguage\":\"ca\",\"@id\":\"https:\\\/\\\/www.lauracosta.com\\\/ca\\\/producte\\\/assessoria-completa-en-vestir\\\/#primaryimage\",\"url\":\"https:\\\/\\\/www.lauracosta.com\\\/wp-content\\\/uploads\\\/2024\\\/06\\\/packs-servicios-personales-presenciales-3.jpg\",\"contentUrl\":\"https:\\\/\\\/www.lauracosta.com\\\/wp-content\\\/uploads\\\/2024\\\/06\\\/packs-servicios-personales-presenciales-3.jpg\",\"width\":1108,\"height\":1442},{\"@type\":\"BreadcrumbList\",\"@id\":\"https:\\\/\\\/www.lauracosta.com\\\/ca\\\/producte\\\/assessoria-completa-en-vestir\\\/#breadcrumb\",\"itemListElement\":[{\"@type\":\"ListItem\",\"position\":1,\"name\":\"Portada\",\"item\":\"https:\\\/\\\/www.lauracosta.com\\\/\"},{\"@type\":\"ListItem\",\"position\":2,\"name\":\"Botiga\",\"item\":\"https:\\\/\\\/www.lauracosta.com\\\/botiga\\\/\"},{\"@type\":\"ListItem\",\"position\":3,\"name\":\"Assessoria completa en vestir\"}]},{\"@type\":\"WebSite\",\"@id\":\"https:\\\/\\\/www.lauracosta.com\\\/#website\",\"url\":\"https:\\\/\\\/www.lauracosta.com\\\/\",\"name\":\"Laura Costa\",\"description\":\"Asesor\u00eda de imagen &amp; Personal Shopper\",\"publisher\":{\"@id\":\"https:\\\/\\\/www.lauracosta.com\\\/#organization\"},\"potentialAction\":[{\"@type\":\"SearchAction\",\"target\":{\"@type\":\"EntryPoint\",\"urlTemplate\":\"https:\\\/\\\/www.lauracosta.com\\\/?s={search_term_string}\"},\"query-input\":{\"@type\":\"PropertyValueSpecification\",\"valueRequired\":true,\"valueName\":\"search_term_string\"}}],\"inLanguage\":\"ca\"},{\"@type\":\"Organization\",\"@id\":\"https:\\\/\\\/www.lauracosta.com\\\/#organization\",\"name\":\"Laura Costa\",\"url\":\"https:\\\/\\\/www.lauracosta.com\\\/\",\"logo\":{\"@type\":\"ImageObject\",\"inLanguage\":\"ca\",\"@id\":\"https:\\\/\\\/www.lauracosta.com\\\/#\\\/schema\\\/logo\\\/image\\\/\",\"url\":\"https:\\\/\\\/www.lauracosta.com\\\/wp-content\\\/uploads\\\/2024\\\/11\\\/laura-costa-imagen-696.jpg\",\"contentUrl\":\"https:\\\/\\\/www.lauracosta.com\\\/wp-content\\\/uploads\\\/2024\\\/11\\\/laura-costa-imagen-696.jpg\",\"width\":696,\"height\":696,\"caption\":\"Laura Costa\"},\"image\":{\"@id\":\"https:\\\/\\\/www.lauracosta.com\\\/#\\\/schema\\\/logo\\\/image\\\/\"}}]}<\/script>\n<!-- \/ Yoast SEO plugin. -->","yoast_head_json":{"title":"Assessoria completa en vestir - Laura Costa","description":"Pack Assessoria d'Imatge en el Vestir amb descompte: Test del Color + Assessoria en el Vestir. Valoraci\u00f3 dels teus colors, assessorament d'indument\u00e0ria.","robots":{"index":"index","follow":"follow","max-snippet":"max-snippet:-1","max-image-preview":"max-image-preview:large","max-video-preview":"max-video-preview:-1"},"canonical":"https:\/\/www.lauracosta.com\/ca\/producte\/assessoria-completa-en-vestir\/","og_locale":"ca_ES","og_type":"article","og_title":"Assessoria completa en vestir - Laura Costa","og_description":"Pack Assessoria d'Imatge en el Vestir amb descompte: Test del Color + Assessoria en el Vestir. Valoraci\u00f3 dels teus colors, assessorament d'indument\u00e0ria.","og_url":"https:\/\/www.lauracosta.com\/ca\/producte\/assessoria-completa-en-vestir\/","og_site_name":"Laura Costa","article_modified_time":"2026-01-31T17:57:46+00:00","og_image":[{"width":1108,"height":1442,"url":"https:\/\/www.lauracosta.com\/wp-content\/uploads\/2024\/06\/packs-servicios-personales-presenciales-3.jpg","type":"image\/jpeg"}],"twitter_card":"summary_large_image","schema":{"@context":"https:\/\/schema.org","@graph":[{"@type":"WebPage","@id":"https:\/\/www.lauracosta.com\/ca\/producte\/assessoria-completa-en-vestir\/","url":"https:\/\/www.lauracosta.com\/ca\/producte\/assessoria-completa-en-vestir\/","name":"Assessoria completa en vestir - Laura Costa","isPartOf":{"@id":"https:\/\/www.lauracosta.com\/#website"},"primaryImageOfPage":{"@id":"https:\/\/www.lauracosta.com\/ca\/producte\/assessoria-completa-en-vestir\/#primaryimage"},"image":{"@id":"https:\/\/www.lauracosta.com\/ca\/producte\/assessoria-completa-en-vestir\/#primaryimage"},"thumbnailUrl":"https:\/\/www.lauracosta.com\/wp-content\/uploads\/2024\/06\/packs-servicios-personales-presenciales-3.jpg","datePublished":"2024-06-26T13:25:02+00:00","dateModified":"2026-01-31T17:57:46+00:00","description":"Pack Assessoria d'Imatge en el Vestir amb descompte: Test del Color + Assessoria en el Vestir. Valoraci\u00f3 dels teus colors, assessorament d'indument\u00e0ria.","breadcrumb":{"@id":"https:\/\/www.lauracosta.com\/ca\/producte\/assessoria-completa-en-vestir\/#breadcrumb"},"inLanguage":"ca","potentialAction":[{"@type":"ReadAction","target":["https:\/\/www.lauracosta.com\/ca\/producte\/assessoria-completa-en-vestir\/"]}]},{"@type":"ImageObject","inLanguage":"ca","@id":"https:\/\/www.lauracosta.com\/ca\/producte\/assessoria-completa-en-vestir\/#primaryimage","url":"https:\/\/www.lauracosta.com\/wp-content\/uploads\/2024\/06\/packs-servicios-personales-presenciales-3.jpg","contentUrl":"https:\/\/www.lauracosta.com\/wp-content\/uploads\/2024\/06\/packs-servicios-personales-presenciales-3.jpg","width":1108,"height":1442},{"@type":"BreadcrumbList","@id":"https:\/\/www.lauracosta.com\/ca\/producte\/assessoria-completa-en-vestir\/#breadcrumb","itemListElement":[{"@type":"ListItem","position":1,"name":"Portada","item":"https:\/\/www.lauracosta.com\/"},{"@type":"ListItem","position":2,"name":"Botiga","item":"https:\/\/www.lauracosta.com\/botiga\/"},{"@type":"ListItem","position":3,"name":"Assessoria completa en vestir"}]},{"@type":"WebSite","@id":"https:\/\/www.lauracosta.com\/#website","url":"https:\/\/www.lauracosta.com\/","name":"Laura Costa","description":"Asesor\u00eda de imagen &amp; Personal Shopper","publisher":{"@id":"https:\/\/www.lauracosta.com\/#organization"},"potentialAction":[{"@type":"SearchAction","target":{"@type":"EntryPoint","urlTemplate":"https:\/\/www.lauracosta.com\/?s={search_term_string}"},"query-input":{"@type":"PropertyValueSpecification","valueRequired":true,"valueName":"search_term_string"}}],"inLanguage":"ca"},{"@type":"Organization","@id":"https:\/\/www.lauracosta.com\/#organization","name":"Laura Costa","url":"https:\/\/www.lauracosta.com\/","logo":{"@type":"ImageObject","inLanguage":"ca","@id":"https:\/\/www.lauracosta.com\/#\/schema\/logo\/image\/","url":"https:\/\/www.lauracosta.com\/wp-content\/uploads\/2024\/11\/laura-costa-imagen-696.jpg","contentUrl":"https:\/\/www.lauracosta.com\/wp-content\/uploads\/2024\/11\/laura-costa-imagen-696.jpg","width":696,"height":696,"caption":"Laura Costa"},"image":{"@id":"https:\/\/www.lauracosta.com\/#\/schema\/logo\/image\/"}}]}},"_links":{"self":[{"href":"https:\/\/www.lauracosta.com\/ca\/wp-json\/wp\/v2\/product\/5717","targetHints":{"allow":["GET"]}}],"collection":[{"href":"https:\/\/www.lauracosta.com\/ca\/wp-json\/wp\/v2\/product"}],"about":[{"href":"https:\/\/www.lauracosta.com\/ca\/wp-json\/wp\/v2\/types\/product"}],"wp:featuredmedia":[{"embeddable":true,"href":"https:\/\/www.lauracosta.com\/ca\/wp-json\/wp\/v2\/media\/2362"}],"wp:attachment":[{"href":"https:\/\/www.lauracosta.com\/ca\/wp-json\/wp\/v2\/media?parent=5717"}],"wp:term":[{"taxonomy":"product_brand","embeddable":true,"href":"https:\/\/www.lauracosta.com\/ca\/wp-json\/wp\/v2\/product_brand?post=5717"},{"taxonomy":"product_cat","embeddable":true,"href":"https:\/\/www.lauracosta.com\/ca\/wp-json\/wp\/v2\/product_cat?post=5717"},{"taxonomy":"product_tag","embeddable":true,"href":"https:\/\/www.lauracosta.com\/ca\/wp-json\/wp\/v2\/product_tag?post=5717"}],"curies":[{"name":"wp","href":"https:\/\/api.w.org\/{rel}","templated":true}]}}